{"id":14,"date":"2018-04-30T15:02:02","date_gmt":"2018-04-30T13:02:02","guid":{"rendered":"http:\/\/agrorovinj.hr\/?page_id=14"},"modified":"2019-02-03T21:53:33","modified_gmt":"2019-02-03T20:53:33","slug":"najcesca-pitanja","status":"publish","type":"page","link":"https:\/\/agrorovinj.hr\/it\/najcesca-pitanja\/","title":{"rendered":"Naj\u010de\u0161\u0107a pitanja"},"content":{"rendered":"<p><\/p>\n<ol>\n<li>Osnivanje OPG-a i Upisnik poljoprivrednih gospodarstava<br \/>\n<a href=\"https:\/\/www.agroklub.com\/poljoprivredne-vijesti\/osnivanje-opg-a-i-upisnik-poljoprivrednih-gospodarstava\/37105\/\" target=\"_blank\" rel=\"noopener\">https:\/\/www.agroklub.com\/<\/a><\/li>\n<li>Kako staviti u promet maslinovo ulje?<br \/>\n<a href=\"http:\/\/agrorovinj.hr\/wp-content\/uploads\/2018\/07\/KORACI-DO-STAVLJANJA-U-PROMET-MASLINOVA.pdf\">KORACI DO STAVLJANJA U PROMET MASLINOVA<\/a><br \/>\n<a href=\"http:\/\/agrorovinj.hr\/wp-content\/uploads\/2018\/07\/PROVEDBENA-UREDBA-KOMISIJE-br.-292012.pdf\">PROVEDBENA UREDBA KOMISIJE br. 292012<\/a><br \/>\n<a href=\"http:\/\/agrorovinj.hr\/wp-content\/uploads\/2018\/07\/UREDBA-br.-11692011-EUROPSKOG-PARLAMENTA-I-VIJE\u0106A.pdf\">UREDBA br. 11692011 EUROPSKOG PARLAMENTA I VIJE\u0106A<\/a><\/li>\n<\/ol>\n<p><\/p>","protected":false},"excerpt":{"rendered":"<p>Osnivanje OPG-a i Upisnik poljoprivrednih gospodarstava https:\/\/www.agroklub.com\/ Kako staviti u promet maslinovo ulje? KORACI DO STAVLJANJA U PROMET MASLINOVA PROVEDBENA UREDBA KOMISIJE br. 292012 UREDBA br. 11692011 EUROPSKOG PARLAMENTA I VIJE\u0106A<\/p>\n","protected":false},"author":1,"featured_media":0,"parent":0,"menu_order":4,"comment_status":"closed","ping_status":"closed","template":"","meta":{"_acf_changed":false,"footnotes":""},"acf":[],"_links":{"self":[{"href":"https:\/\/agrorovinj.hr\/it\/wp-json\/wp\/v2\/pages\/14"}],"collection":[{"href":"https:\/\/agrorovinj.hr\/it\/wp-json\/wp\/v2\/pages"}],"about":[{"href":"https:\/\/agrorovinj.hr\/it\/wp-json\/wp\/v2\/types\/page"}],"author":[{"embeddable":true,"href":"https:\/\/agrorovinj.hr\/it\/wp-json\/wp\/v2\/users\/1"}],"replies":[{"embeddable":true,"href":"https:\/\/agrorovinj.hr\/it\/wp-json\/wp\/v2\/comments?post=14"}],"version-history":[{"count":4,"href":"https:\/\/agrorovinj.hr\/it\/wp-json\/wp\/v2\/pages\/14\/revisions"}],"predecessor-version":[{"id":1111,"href":"https:\/\/agrorovinj.hr\/it\/wp-json\/wp\/v2\/pages\/14\/revisions\/1111"}],"wp:attachment":[{"href":"https:\/\/agrorovinj.hr\/it\/wp-json\/wp\/v2\/media?parent=14"}],"curies":[{"name":"wp","href":"https:\/\/api.w.org\/{rel}","templated":true}]}}